{"id":12266,"date":"2024-11-06T01:27:28","date_gmt":"2024-11-06T00:27:28","guid":{"rendered":"https:\/\/www.psicologo-strizzacervelli.it\/farmacia\/apt\/promicil\/"},"modified":"2025-03-17T15:00:21","modified_gmt":"2025-03-17T14:00:21","slug":"promicil","status":"publish","type":"product","link":"https:\/\/deluzio.it\/farmacia\/apt\/promicil\/","title":{"rendered":"Promicil"},"content":{"rendered":"\n<h2 class=\"wp-block-heading\">Che cos&#8217;\u00e8 Promicil e come funziona?<\/h2>\n\n\n\n<p><b>Promicil<\/b> \u00e8 una moderna <em>crema per<\/em> la tigna, studiata per combattere le infezioni fungine di piedi e unghie. L&#8217;<em>azione di Promicil<\/em> si basa sulla penetrazione profonda nella pelle, con conseguente eliminazione efficace dei funghi. Molti utenti si chiedono <em>cosa sia Promicil<\/em> e quali propriet\u00e0 abbia. Gli <b>ingredienti attivi<\/b> principali sono l&#8217;olio di tea tree e l&#8217;estratto di lavanda, che mostrano forti effetti antisettici e lenitivi.<\/p>\n\n\n\n<p>Il tea tree oil \u00e8 noto per le sue propriet\u00e0 antimicotiche, mentre la lavanda contribuisce all&#8217;idratazione e alla rigenerazione della pelle, importanti per prevenire le infezioni ricorrenti. Promicil contiene solo <b>ingredienti naturali<\/b>, che lo rendono adatto alle persone con pelle sensibile. L&#8217;uso regolare pu\u00f2 apportare benefici come l&#8217;eliminazione delle infezioni esistenti e la protezione da quelle future.<\/p>\n\n\n\n<p>Il prodotto \u00e8 facile da applicare e pu\u00f2 essere utilizzato senza prescrizione medica. Grazie ai suoi principi attivi, Promicil non solo cura, ma favorisce anche il processo di guarigione e migliora le condizioni generali della pelle.<\/p>\n\n\n\n<h2 class=\"wp-block-heading\">Quali sono gli effetti di Promicil?<\/h2>\n\n\n\n<p>L&#8217;uso regolare della crema Promicil produce risultati significativi. Gli utenti notano un miglioramento delle condizioni della pelle gi\u00e0 dopo pochi giorni. Gli <b>effetti<\/b> di <b>Promicil<\/b> includono l&#8217;eliminazione di prurito, desquamazione e irritazione, rendendo la vita molto pi\u00f9 confortevole. Inoltre, con ogni applicazione, la crema accelera la rigenerazione dell&#8217;epidermide, che \u00e8 fondamentale nel trattamento della tigna.<\/p>\n\n\n\n<p>Un&#8217;adeguata idratazione dei piedi \u00e8 un altro degli effetti dell&#8217;uso di Promicil, che rende la pelle pi\u00f9 sana. Molte persone che hanno lottato contro la tigna sottolineano <b>l&#8217;efficacia di<\/b> questo prodotto, confermata dai <b>feedback<\/b> positivi <b>degli utenti<\/b>. La crema agisce quasi immediatamente, eliminando i sintomi dell&#8217;infezione e proteggendo dalle recidive.<\/p>\n\n\n\n<ul class=\"wp-block-list\">\n<li><b>Effetti di Promicil<\/b> osservati dopo pochi giorni di utilizzo<\/li>\n\n\n\n<li>Riduzione dei sintomi fungini come prurito e bruciore<\/li>\n\n\n\n<li>Miglioramento a lungo termine della salute della pelle del piede<\/li>\n\n\n\n<li><b>Gli ingredienti naturali<\/b> garantiscono un uso <b>sicuro<\/b> <\/li>\n\n\n\n<li>Facilit\u00e0 di applicazione e routine quotidiana<\/li>\n<\/ul>\n\n\n\n<p><b>Le recensioni degli utenti<\/b> indicano un&#8217;elevata soddisfazione per i risultati della crema, rendendo Promicil un supporto efficace nella lotta contro la tinea pedis. Senza effetti collaterali inutili, \u00e8 la soluzione perfetta per chi cerca un aiuto efficace per trattare questo problema.<\/p>\n\n\n\n<h2 class=\"wp-block-heading\">Come utilizzare Promicil? &#8211; Dosaggio<\/h2>\n\n\n\n<p>L&#8217;uso di Promicil richiede di seguire <em>le istruzioni d&#8217;uso per<\/em> ottenere i migliori risultati contro i funghi del piede. L&#8217;elemento chiave \u00e8 applicare uno strato sottile di crema sulla pelle del piede precedentemente pulita e asciugata, <em>concentrandosi sulle aree interessate<\/em>. La pratica dimostra che l <em>&#8216;uso corretto<\/em> prevede l&#8217;applicazione di 2-3 volte al giorno per almeno <em>30 giorni<\/em>, anche se i sintomi si attenuano. Questo <b>dosaggio<\/b> aiuta a ridurre al minimo il rischio di recidive.<\/p>\n\n\n\n<p>Anche se gli effetti possono essere percepiti in appena 1-2 settimane, la guarigione completa di solito si riferisce a diverse settimane di uso regolare. Studi clinici hanno confermato l&#8217;<b>efficacia<\/b> di Promicil nell&#8217;eliminare la tinea pedis, con conseguenti recensioni positive da parte degli utenti.<\/p>\n\n\n\n<p>Quando si usa Promicil, \u00e8 bene tenere presente sia <em>il dosaggio<\/em> che la <em>corretta applicazione del<\/em> prodotto. Un&#8217;applicazione regolare contribuisce a ottenere pi\u00f9 rapidamente risultati ottimali e il comfort del piede.<\/p>\n\n\n\n<h2 class=\"wp-block-heading\">Promicil recensioni &#8211; Cosa dicono gli utenti nei forum?<\/h2>\n\n\n\n<p>Le <b>recensioni di Promicil<\/b> sono molto popolari nei forum online, dove gli utenti condividono le loro esperienze. Molte recensioni mostrano risultati significativi gi\u00e0 dopo pochi giorni di utilizzo. Vale la pena notare che circa il 90% delle persone vede un miglioramento dei sintomi del fungo del piede dopo tre settimane di utilizzo della crema. Si tratta di una buona notizia per chi sta lottando contro questo spiacevole problema.<\/p>\n\n\n\n<p>Tra i commenti ci sono molti segnali positivi. Gli utenti ne lodano la composizione naturale, che non irrita la pelle sensibile. Chi usa Promicil di solito nota la scomparsa di odori sgradevoli e l&#8217;attenuazione di sintomi quali prurito, bruciore e desquamazione della pelle. Con l&#8217;uso regolare, \u00e8 possibile ripristinare gradualmente l&#8217;aspetto sano della pelle e delle unghie.<\/p>\n\n\n\n<p>Diversi utenti del forum sottolineano che la crema funziona efficacemente e non causa complicazioni per la salute, il che \u00e8 particolarmente importante perch\u00e9 ignorare la tigna pu\u00f2 portare a problemi pi\u00f9 gravi. Di conseguenza, Promicil sta conquistando la fiducia di molte persone che in precedenza avevano avuto <b>esperienze<\/b> negative con altri prodotti. I membri del forum citano spesso questo prodotto come la migliore soluzione per combattere la micosi del piede.<\/p>\n\n\n\n<h2 class=\"wp-block-heading\">Promicil &#8211; Composizione<\/h2>\n\n\n\n<p>Promicil \u00e8 una crema innovativa per combattere le dermatofitosi, la cui <em>formulazione<\/em> si basa su eccezionali <em>ingredienti naturali<\/em>. Gli elementi chiave della formula sono l&#8217;estratto di tea tree, l&#8217;olio di origano e l&#8217;estratto di calendula. Ognuno di questi ingredienti ha una propria <em>azione<\/em> di ingrediente essenziale che sostiene l&#8217;<b>efficacia<\/b> della formulazione.<\/p>\n\n\n\n<p>Il tea tree oil ha un effetto antimicotico e antisettico, eliminando i sintomi dell&#8217;infezione come prurito e bruciore. L&#8217;olio di origano, invece, ha forti propriet\u00e0 antimicrobiche, favorendo ulteriormente la lotta contro la tigna. L&#8217;estratto di calendula lenisce le irritazioni e favorisce la rigenerazione della pelle, aumentando la <em>sicurezza<\/em> generale del prodotto.<\/p>\n\n\n\n<p>Promicil non solo elimina i sintomi esistenti, ma ha anche un effetto profilattico, prevenendo le infezioni ricorrenti. L&#8217;incidenza degli effetti collaterali \u00e8 bassa e le reazioni allergiche, se si verificano, sono rare. Di conseguenza, gli utenti possono godere di miglioramenti gi\u00e0 dopo pochi giorni di utilizzo regolare.<\/p>\n\n\n\n<h2 class=\"wp-block-heading\">Promicil prezzo &#8211; Dove acquistare?<\/h2>\n\n\n\n<p>Acquistando Promicil dal sito web del produttore, si ha la certezza di ottenere il prodotto originale al miglior prezzo. Inoltre, grazie alle frequenti promozioni, il prezzo pu\u00f2 essere ridotto fino al 50%, rendendo l&#8217;acquisto ancora pi\u00f9 interessante.<\/p>\n\n\n\n<p>Non troverete Promicil nelle farmacie, nelle drogherie o sulle piattaforme di e-commerce: il prodotto \u00e8 disponibile solo online. Il produttore garantisce il pieno controllo della qualit\u00e0 e della sicurezza della transazione.<\/p>\n\n\n\n<p>Vale sicuramente la pena di prendere in considerazione lo <b>shopping online<\/b> per approfittare di prezzi interessanti e trovare le migliori offerte. I clienti possono essere certi di acquistare un prodotto da <em>un produttore ufficiale<\/em>, il che aumenta la <b>sicurezza<\/b> della transazione e la qualit\u00e0 della merce ordinata.<\/p>\n\n\n\n<h2 class=\"wp-block-heading\">Potenziali effetti collaterali e controindicazioni di Promicil<\/h2>\n\n\n\n<p>L&#8217;uso di Promicil, sebbene generalmente considerato sicuro, presenta alcuni <strong>effetti collaterali<\/strong> che vale la pena tenere in considerazione. Alcune utilizzatrici possono manifestare irritazioni cutanee o reazioni allergiche, soprattutto nei soggetti sensibili ai <b>principi attivi<\/b> del prodotto. \u00c8 quindi importante effettuare un test di sensibilizzazione su una piccola area della pelle prima dell&#8217;applicazione completa per accertarne <strong>la sicurezza d&#8217;<\/strong> uso.<\/p>\n\n\n\n<p>Chi soffre di problemi cutanei specifici o di allergie dovrebbe consultare il medico prima di iniziare il trattamento. \u00c8 inoltre opportuno evitare l&#8217;applicazione della crema su ferite aperte o su pelle con segni di infezione, il che costituisce un&#8217;importante <strong>controindicazione<\/strong> all&#8217;uso. Se si verificano sintomi preoccupanti, l&#8217;uso deve essere interrotto immediatamente.<\/p>\n\n\n\n<p>Per ridurre al minimo il rischio di effetti collaterali, si <strong>consiglia<\/strong> di utilizzare Promicil secondo le indicazioni, che prevedono l&#8217;applicazione per 30-35 giorni, preferibilmente la sera prima di coricarsi. In questo modo si possono massimizzare i benefici, pur mantenendo una certa cautela nell&#8217;uso.<\/p>\n","protected":false},"excerpt":{"rendered":"<p><strong>[date_countdown]<\/strong> <img decoding=\"async\" class=\"alignnone wp-image-12574\" src=\"https:\/\/deluzio.it\/farmacia\/wp-content\/uploads\/2024\/11\/SAFE-PAY-300x88-1.png\" alt=\"SAFE-PAY-300x88\" width=\"201\" height=\"59\" \/><\/p>\n","protected":false},"featured_media":12265,"comment_status":"open","ping_status":"closed","template":"","meta":{"neve_meta_sidebar":"","neve_meta_container":"","neve_meta_enable_content_width":"","neve_meta_content_width":0,"neve_meta_title_alignment":"","neve_meta_author_avatar":"","neve_post_elements_order":"","neve_meta_disable_header":"","neve_meta_disable_footer":"","neve_meta_disable_title":"","neve_meta_reading_time":""},"product_brand":[],"product_cat":[113],"product_tag":[],"class_list":{"0":"post-12266","1":"product","2":"type-product","3":"status-publish","4":"has-post-thumbnail","6":"product_cat-salute","8":"first","9":"instock","10":"sale","11":"shipping-taxable","12":"product-type-external"},"yoast_head":"<!-- This site is optimized with the Yoast SEO plugin v27.3 - https:\/\/yoast.com\/product\/yoast-seo-wordpress\/ -->\n<title>Promicil - Recensioni, Forum, Prezzo, Farmacia, Effetti | Deluzio<\/title>\n<meta name=\"robots\" content=\"index, follow, max-snippet:-1, max-image-preview:large, max-video-preview:-1\" \/>\n<link rel=\"canonical\" href=\"https:\/\/deluzio.it\/farmacia\/apt\/promicil\/\" \/>\n<meta property=\"og:locale\" content=\"it_IT\" \/>\n<meta property=\"og:type\" content=\"article\" \/>\n<meta property=\"og:title\" content=\"Promicil - Recensioni, Forum, Prezzo, Farmacia, Effetti | Deluzio\" \/>\n<meta property=\"og:url\" content=\"https:\/\/deluzio.it\/farmacia\/apt\/promicil\/\" \/>\n<meta property=\"og:site_name\" content=\"Deluzio\" \/>\n<meta property=\"article:modified_time\" content=\"2025-03-17T14:00:21+00:00\" \/>\n<meta property=\"og:image\" content=\"https:\/\/deluzio.it\/farmacia\/wp-content\/uploads\/2024\/11\/PROMICIL.jpg\" \/>\n\t<meta property=\"og:image:width\" content=\"768\" \/>\n\t<meta property=\"og:image:height\" content=\"768\" \/>\n\t<meta property=\"og:image:type\" content=\"image\/jpeg\" \/>\n<meta name=\"twitter:card\" content=\"summary_large_image\" \/>\n<meta name=\"twitter:description\" content=\"[date_countdown]\" \/>\n<script type=\"application\/ld+json\" class=\"yoast-schema-graph\">{\"@context\":\"https:\\\/\\\/schema.org\",\"@graph\":[{\"@type\":\"WebPage\",\"@id\":\"https:\\\/\\\/deluzio.it\\\/farmacia\\\/apt\\\/promicil\\\/\",\"url\":\"https:\\\/\\\/deluzio.it\\\/farmacia\\\/apt\\\/promicil\\\/\",\"name\":\"Promicil - Recensioni, Forum, Prezzo, Farmacia, Effetti | Deluzio\",\"isPartOf\":{\"@id\":\"https:\\\/\\\/deluzio.it\\\/farmacia\\\/#website\"},\"primaryImageOfPage\":{\"@id\":\"https:\\\/\\\/deluzio.it\\\/farmacia\\\/apt\\\/promicil\\\/#primaryimage\"},\"image\":{\"@id\":\"https:\\\/\\\/deluzio.it\\\/farmacia\\\/apt\\\/promicil\\\/#primaryimage\"},\"thumbnailUrl\":\"https:\\\/\\\/deluzio.it\\\/farmacia\\\/wp-content\\\/uploads\\\/2024\\\/11\\\/PROMICIL.jpg\",\"datePublished\":\"2024-11-06T00:27:28+00:00\",\"dateModified\":\"2025-03-17T14:00:21+00:00\",\"breadcrumb\":{\"@id\":\"https:\\\/\\\/deluzio.it\\\/farmacia\\\/apt\\\/promicil\\\/#breadcrumb\"},\"inLanguage\":\"it-IT\",\"potentialAction\":[{\"@type\":\"ReadAction\",\"target\":[\"https:\\\/\\\/deluzio.it\\\/farmacia\\\/apt\\\/promicil\\\/\"]}]},{\"@type\":\"ImageObject\",\"inLanguage\":\"it-IT\",\"@id\":\"https:\\\/\\\/deluzio.it\\\/farmacia\\\/apt\\\/promicil\\\/#primaryimage\",\"url\":\"https:\\\/\\\/deluzio.it\\\/farmacia\\\/wp-content\\\/uploads\\\/2024\\\/11\\\/PROMICIL.jpg\",\"contentUrl\":\"https:\\\/\\\/deluzio.it\\\/farmacia\\\/wp-content\\\/uploads\\\/2024\\\/11\\\/PROMICIL.jpg\",\"width\":768,\"height\":768},{\"@type\":\"BreadcrumbList\",\"@id\":\"https:\\\/\\\/deluzio.it\\\/farmacia\\\/apt\\\/promicil\\\/#breadcrumb\",\"itemListElement\":[{\"@type\":\"ListItem\",\"position\":1,\"name\":\"Strona g\u0142\u00f3wna\",\"item\":\"https:\\\/\\\/deluzio.it\\\/farmacia\\\/\"},{\"@type\":\"ListItem\",\"position\":2,\"name\":\"Prodotti\",\"item\":\"https:\\\/\\\/deluzio.it\\\/farmacia\\\/\"},{\"@type\":\"ListItem\",\"position\":3,\"name\":\"Promicil\"}]},{\"@type\":\"WebSite\",\"@id\":\"https:\\\/\\\/deluzio.it\\\/farmacia\\\/#website\",\"url\":\"https:\\\/\\\/deluzio.it\\\/farmacia\\\/\",\"name\":\"Deluzio\",\"description\":\"\",\"potentialAction\":[{\"@type\":\"SearchAction\",\"target\":{\"@type\":\"EntryPoint\",\"urlTemplate\":\"https:\\\/\\\/deluzio.it\\\/farmacia\\\/?s={search_term_string}\"},\"query-input\":{\"@type\":\"PropertyValueSpecification\",\"valueRequired\":true,\"valueName\":\"search_term_string\"}}],\"inLanguage\":\"it-IT\"}]}<\/script>\n<!-- \/ Yoast SEO plugin. -->","yoast_head_json":{"title":"Promicil - Recensioni, Forum, Prezzo, Farmacia, Effetti | Deluzio","robots":{"index":"index","follow":"follow","max-snippet":"max-snippet:-1","max-image-preview":"max-image-preview:large","max-video-preview":"max-video-preview:-1"},"canonical":"https:\/\/deluzio.it\/farmacia\/apt\/promicil\/","og_locale":"it_IT","og_type":"article","og_title":"Promicil - Recensioni, Forum, Prezzo, Farmacia, Effetti | Deluzio","og_url":"https:\/\/deluzio.it\/farmacia\/apt\/promicil\/","og_site_name":"Deluzio","article_modified_time":"2025-03-17T14:00:21+00:00","og_image":[{"width":768,"height":768,"url":"https:\/\/deluzio.it\/farmacia\/wp-content\/uploads\/2024\/11\/PROMICIL.jpg","type":"image\/jpeg"}],"twitter_card":"summary_large_image","twitter_description":"[date_countdown]","schema":{"@context":"https:\/\/schema.org","@graph":[{"@type":"WebPage","@id":"https:\/\/deluzio.it\/farmacia\/apt\/promicil\/","url":"https:\/\/deluzio.it\/farmacia\/apt\/promicil\/","name":"Promicil - Recensioni, Forum, Prezzo, Farmacia, Effetti | Deluzio","isPartOf":{"@id":"https:\/\/deluzio.it\/farmacia\/#website"},"primaryImageOfPage":{"@id":"https:\/\/deluzio.it\/farmacia\/apt\/promicil\/#primaryimage"},"image":{"@id":"https:\/\/deluzio.it\/farmacia\/apt\/promicil\/#primaryimage"},"thumbnailUrl":"https:\/\/deluzio.it\/farmacia\/wp-content\/uploads\/2024\/11\/PROMICIL.jpg","datePublished":"2024-11-06T00:27:28+00:00","dateModified":"2025-03-17T14:00:21+00:00","breadcrumb":{"@id":"https:\/\/deluzio.it\/farmacia\/apt\/promicil\/#breadcrumb"},"inLanguage":"it-IT","potentialAction":[{"@type":"ReadAction","target":["https:\/\/deluzio.it\/farmacia\/apt\/promicil\/"]}]},{"@type":"ImageObject","inLanguage":"it-IT","@id":"https:\/\/deluzio.it\/farmacia\/apt\/promicil\/#primaryimage","url":"https:\/\/deluzio.it\/farmacia\/wp-content\/uploads\/2024\/11\/PROMICIL.jpg","contentUrl":"https:\/\/deluzio.it\/farmacia\/wp-content\/uploads\/2024\/11\/PROMICIL.jpg","width":768,"height":768},{"@type":"BreadcrumbList","@id":"https:\/\/deluzio.it\/farmacia\/apt\/promicil\/#breadcrumb","itemListElement":[{"@type":"ListItem","position":1,"name":"Strona g\u0142\u00f3wna","item":"https:\/\/deluzio.it\/farmacia\/"},{"@type":"ListItem","position":2,"name":"Prodotti","item":"https:\/\/deluzio.it\/farmacia\/"},{"@type":"ListItem","position":3,"name":"Promicil"}]},{"@type":"WebSite","@id":"https:\/\/deluzio.it\/farmacia\/#website","url":"https:\/\/deluzio.it\/farmacia\/","name":"Deluzio","description":"","potentialAction":[{"@type":"SearchAction","target":{"@type":"EntryPoint","urlTemplate":"https:\/\/deluzio.it\/farmacia\/?s={search_term_string}"},"query-input":{"@type":"PropertyValueSpecification","valueRequired":true,"valueName":"search_term_string"}}],"inLanguage":"it-IT"}]}},"_links":{"self":[{"href":"https:\/\/deluzio.it\/farmacia\/wp-json\/wp\/v2\/product\/12266","targetHints":{"allow":["GET"]}}],"collection":[{"href":"https:\/\/deluzio.it\/farmacia\/wp-json\/wp\/v2\/product"}],"about":[{"href":"https:\/\/deluzio.it\/farmacia\/wp-json\/wp\/v2\/types\/product"}],"replies":[{"embeddable":true,"href":"https:\/\/deluzio.it\/farmacia\/wp-json\/wp\/v2\/comments?post=12266"}],"wp:featuredmedia":[{"embeddable":true,"href":"https:\/\/deluzio.it\/farmacia\/wp-json\/wp\/v2\/media\/12265"}],"wp:attachment":[{"href":"https:\/\/deluzio.it\/farmacia\/wp-json\/wp\/v2\/media?parent=12266"}],"wp:term":[{"taxonomy":"product_brand","embeddable":true,"href":"https:\/\/deluzio.it\/farmacia\/wp-json\/wp\/v2\/product_brand?post=12266"},{"taxonomy":"product_cat","embeddable":true,"href":"https:\/\/deluzio.it\/farmacia\/wp-json\/wp\/v2\/product_cat?post=12266"},{"taxonomy":"product_tag","embeddable":true,"href":"https:\/\/deluzio.it\/farmacia\/wp-json\/wp\/v2\/product_tag?post=12266"}],"curies":[{"name":"wp","href":"https:\/\/api.w.org\/{rel}","templated":true}]}}