{"id":12256,"date":"2024-11-06T01:27:21","date_gmt":"2024-11-06T00:27:21","guid":{"rendered":"https:\/\/www.psicologo-strizzacervelli.it\/farmacia\/apt\/revitaprost\/"},"modified":"2025-03-17T14:59:44","modified_gmt":"2025-03-17T13:59:44","slug":"revitaprost","status":"publish","type":"product","link":"https:\/\/deluzio.it\/farmacia\/apt\/revitaprost\/","title":{"rendered":"Revitaprost"},"content":{"rendered":"\n<h2 class=\"wp-block-heading\">Che cos&#8217;\u00e8 il Revitaprost e come funziona?<\/h2>\n\n\n\n<p><b>Revitaprost<\/b> \u00e8 un <em>integratore<\/em> alimentare studiato per gli uomini a sostegno della <em>salute della prostata<\/em>. Contiene <b>ingredienti naturali<\/b> che agiscono sulla <em>funzione d dell<\/em> &#8216;apparato urinario. L <b>&#8216;uso<\/b> regolare <b>di<\/b> questo integratore pu\u00f2 alleviare i sintomi della prostatite, come il dolore e il bruciore durante la minzione.<\/p>\n\n\n\n<p>Gli ingredienti chiave di Revitaprost, tra cui la palma sabal e il pygeum africanum, contribuiscono a mantenere le dimensioni della ghiandola prostatica, con conseguente riduzione dei problemi urinari. Inoltre, lo zinco \u00e8 essenziale per la produzione di testosterone e favorisce la <b>salute della prostata<\/b>.<\/p>\n\n\n\n<p>Con l&#8217;uso regolare di questo <em>integratore<\/em>, gli <b>uomini<\/b> possono ottenere <b>i benefici di un<\/b> miglioramento della libido e della qualit\u00e0 della vita sessuale. I fitosteroli dell&#8217;estratto di zucca contenuti nella formulazione hanno propriet\u00e0 antinfiammatorie e antiossidanti, a beneficio della salute generale dell&#8217;organismo. Questo approccio alla <em>salute della prostata<\/em> ha un effetto preventivo, riducendo il rischio di complicazioni associate ai disturbi della prostata.<\/p>\n\n\n\n<h2 class=\"wp-block-heading\">Benefici di Revitaprost &#8211; Effetti<\/h2>\n\n\n\n<p>L<b>&#8216;uso di<\/b> Revitaprost offre una serie di <b>benefici<\/b> che hanno un impatto significativo sulla <b>salute della prostata degli<\/b> uomini. <b>Gli utilizzatori<\/b> riferiscono spesso miglioramenti significativi della funzione urinaria. Con l&#8217;uso regolare, gli <b>effetti<\/b> possono includere<\/p>\n\n\n\n<ul class=\"wp-block-list\">\n<li>Riduzione del dolore, del formicolio e del bruciore nella zona della prostata.<\/li>\n\n\n\n<li>Normalizzazione del processo di minzione, che porta sollievo alla vita quotidiana.<\/li>\n\n\n\n<li>Riduzione dell&#8217;urgenza di andare in bagno, soprattutto di notte.<\/li>\n\n\n\n<li>Ritorno delle dimensioni della prostata alla normalit\u00e0, con effetti positivi sul benessere.<\/li>\n\n\n\n<li>Nessun sintomo di malattia dopo l&#8217;interruzione.<\/li>\n<\/ul>\n\n\n\n<p>I risultati di Revitaprost si notano gi\u00e0 dopo poco tempo dall&#8217;inizio del trattamento. <b>Ingredienti naturali<\/b> come l&#8217;estratto di palma sabal e l&#8217;estratto di ortica agiscono in sinergia per sostenere la salute della prostata. Grazie a questi ingredienti, il rischio di effetti collaterali rimane minimo.<\/p>\n\n\n\n<p>Gli <b>effetti<\/b> principali associati all&#8217;uso di questo integratore comprendono non solo il miglioramento dei sintomi, ma anche la stabilizzazione dei livelli ormonali. <b>Gli utilizzatori<\/b> confermano che il loro benessere generale e la qualit\u00e0 del sonno sono migliorati in modo significativo, evidenziando ulteriormente i <b>benefici di<\/b> Revitaprost.<\/p>\n\n\n\n<h2 class=\"wp-block-heading\">Come utilizzare correttamente Revitaprost &#8211; Dosaggio<\/h2>\n\n\n\n<p>Revitaprost \u00e8 un <b>integratore<\/b> consigliato per la terapia della prostata. Il <b>dosaggio<\/b> e l&#8217;<b>uso<\/b> corretto <b>di<\/b> questo prodotto sono fondamentali per ottenere i risultati previsti. Secondo le istruzioni del produttore, la dose abituale raccomandata \u00e8 di due capsule al giorno, da assumere con un bicchiere d&#8217;acqua. L&#8217;approccio ottimale \u00e8 quello di assumere le capsule durante i pasti, per massimizzare l&#8217;assorbimento dei principi attivi nell&#8217;organismo.<\/p>\n\n\n\n<p>\u00c8 importante non superare la dose giornaliera raccomandata, in quanto ci\u00f2 potrebbe influire negativamente sulla salute. Il consumo regolare di Revitaprost favorisce la funzionalit\u00e0 della prostata e contribuisce a migliorare il senso di benessere. L&#8217;uso di questo <b>integratore<\/b> \u00e8 sicuro, purch\u00e9 si seguano le istruzioni riportate nel foglietto illustrativo. Per ottenere risultati ottimali, si consiglia un periodo minimo di un mese di utilizzo. Se i sintomi persistono, si pu\u00f2 prendere in considerazione la possibilit\u00e0 di ripetere il ciclo di integrazione.<\/p>\n\n\n\n<figure class=\"wp-block-table\"><table class=\"has-fixed-layout\"><tbody><tr><th>Dosaggio<\/th><th>Ora di applicazione<\/th><th>Effetti<\/th><\/tr><tr><td>2 capsule al giorno<\/td><td>Ammissione per un minimo di 30 giorni<\/td><td>Sostenere la salute della prostata e migliorare il benessere<\/td><\/tr><tr><td>Se i sintomi persistono, ripetere il ciclo<\/td><td>Come indicato dal medico<\/td><td>Mantenere i risultati e migliorarli ulteriormente<\/td><\/tr><\/tbody><\/table><\/figure>\n\n\n\n<h2 class=\"wp-block-heading\">Recensioni e opinioni su Revitaprost<\/h2>\n\n\n\n<p>Le <b>recensioni di<\/b> Revitaprost sono estremamente positive e molti utenti hanno evidenziato un significativo miglioramento della qualit\u00e0 della vita. L&#8217;integratore \u00e8 stato notato per offrire sollievo dai sintomi associati alla prostatite cronica. <b>Gli utenti<\/b> sottolineano la riduzione dei problemi urinari e il miglioramento della qualit\u00e0 del sonno. Nei forum online, i clienti condividono le loro esperienze, che confermano l&#8217;efficacia delle capsule.<\/p>\n\n\n\n<blockquote class=\"wp-block-quote is-layout-flow wp-block-quote-is-layout-flow\">\n<p>&#8220;Quando ho iniziato a usare Revitaprost, ho notato che il dolore e il fastidio durante la minzione sono diminuiti in modo significativo&#8221;, ha scritto una recensione. &#8211; ha scritto una recensione.<\/p>\n<\/blockquote>\n\n\n\n<p>Molti uomini di et\u00e0 superiore ai 40 anni soffrono di problemi alla prostata, per cui Revitaprost \u00e8 un integratore particolarmente prezioso per questa fascia d&#8217;et\u00e0. <b>Le recensioni<\/b> suggeriscono che le capsule hanno un effetto positivo non solo sulla <b>salute della prostata<\/b>, ma anche sul miglioramento delle prestazioni sessuali. Le osservazioni degli utenti indicano che, con un uso regolare, i miglioramenti della qualit\u00e0 della vita possono essere percepiti gi\u00e0 dopo poche settimane.<\/p>\n\n\n\n<p>La valutazione media di Revitaprost \u00e8 di 4,7 su 5, il che indica la soddisfazione dei clienti. Molte recensioni indicano che l&#8217;integratore funziona come promesso dal produttore, con i suoi <b>ingredienti naturali<\/b> che aiutano a migliorare la salute della prostata senza causare effetti collaterali.<\/p>\n\n\n\n<h2 class=\"wp-block-heading\">Revitaprost &#8211; Composizione<\/h2>\n\n\n\n<p>Revitaprost \u00e8 un <b>integratore alimentare<\/b> sviluppato per la salute della prostata maschile. La sua <em>formulazione<\/em> \u00e8 composta esclusivamente da ingredienti naturali che favoriscono il normale funzionamento di questo organo e del sistema urinario. Tra gli ingredienti pi\u00f9 importanti c&#8217;\u00e8 la palma sabal, che aiuta a ridurre i sintomi associati all&#8217;IPB, come la minzione frequente.<\/p>\n\n\n\n<p>Un&#8217;altra parte importante della <em>formulazione<\/em> \u00e8 il pygeum africanum, noto per la sua capacit\u00e0 di sostenere una sana funzione prostatica. Revitaprost contiene anche vitamina E e altri estratti naturali che agiscono come antiossidanti. Ci\u00f2 consente all&#8217;organismo di combattere meglio i radicali liberi, a vantaggio del benessere generale.<\/p>\n\n\n\n<p>Ingredienti naturali come i semi di zucca e i semi di lino forniscono grassi sani e fibre. Lo zinco, essenziale per la salute della prostata, svolge un ruolo chiave nella produzione di testosterone, rendendo Revitaprost un supporto completo per gli uomini di tutte le et\u00e0.<\/p>\n\n\n\n<p>Tutti questi ingredienti sono studiati per creare un effetto sinergico che aumenta l&#8217;efficacia dell&#8217;integratore. Scegliendo Revitaprost, gli utenti possono essere certi di fornire al proprio organismo un prodotto di qualit\u00e0 basato su ingredienti naturali che hanno un effetto positivo sulla salute della prostata.<\/p>\n\n\n\n<h2 class=\"wp-block-heading\">Dove acquistare Revitaprost &#8211; prezzo<\/h2>\n\n\n\n<p>Acquistare Revitaprost dal sito web del produttore \u00e8 l&#8217;unico modo per ottenere il prodotto originale al miglior prezzo. Inoltre, numerose promozioni possono ridurre il costo di acquisto fino al 50%, rendendolo pi\u00f9 conveniente.<\/p>\n\n\n\n<p>Non \u00e8 possibile trovare Revitaprost nelle farmacie o nelle cartolerie. Il produttore ha scelto di vendere esclusivamente online, il che garantisce il controllo della qualit\u00e0 del prodotto ed elimina il rischio di acquistare contraffazioni.<\/p>\n\n\n\n<p>Pertanto, per sapere <b>dove acquistare<\/b> Revitaprost, \u00e8 meglio visitare il sito ufficiale del produttore. L&#8217;acquisto diretto da una fonte ufficiale elimina il rischio di acquistare contraffazioni che possono comparire nelle vendite parallele. I clienti alla ricerca di soluzioni affidabili ed efficaci per la salute della prostata dovrebbero sicuramente prendere in considerazione questa opzione.<\/p>\n\n\n\n<h2 class=\"wp-block-heading\">Revitaprost &#8211; Effetti collaterali e controindicazioni<\/h2>\n\n\n\n<p>Revitaprost, un integratore alimentare studiato per favorire la salute della prostata, si basa su ingredienti naturali. Sebbene molte persone traggano beneficio dalle sue propriet\u00e0 benefiche, \u00e8 bene essere consapevoli dei potenziali effetti collaterali. Alcuni utenti possono accusare disturbi come mal di testa, problemi di stomaco e reazioni allergiche. Pertanto, \u00e8 fondamentale consultare il medico prima di iniziare l&#8217;integrazione, soprattutto per coloro che hanno condizioni mediche esistenti.<\/p>\n\n\n\n<p>Le controindicazioni da considerare prima di utilizzare Revitaprost includono l&#8217;allergia a uno qualsiasi dei suoi ingredienti. Anche le persone che assumono regolarmente altri farmaci che influiscono sulla salute della prostata dovrebbero usare cautela. Seguendo queste raccomandazioni \u00e8 possibile non solo ridurre al minimo il rischio di effetti collaterali, ma anche aumentare l&#8217;efficacia dell&#8217;integratore.<\/p>\n\n\n\n<p>In caso di effetti avversi in seguito all&#8217;uso di Revitaprost, si consiglia di interrompere immediatamente il trattamento e di consultare un medico. Sebbene il prodotto goda di recensioni positive, la preoccupazione per la salute e la sicurezza degli utenti rimane fondamentale. \u00c8 bene ricordare che Revitaprost non \u00e8 un farmaco ma solo un integratore alimentare, il che significa che non \u00e8 destinato alla diagnosi o al trattamento di condizioni mediche.<\/p>\n","protected":false},"excerpt":{"rendered":"<p><strong>[date_countdown]<\/strong><\/p>\n<p><img decoding=\"async\" class=\"alignnone wp-image-12574\" src=\"https:\/\/deluzio.it\/farmacia\/wp-content\/uploads\/2024\/11\/SAFE-PAY-300x88-1.png\" alt=\"SAFE-PAY-300x88\" width=\"201\" height=\"59\" \/><\/p>\n","protected":false},"featured_media":12255,"comment_status":"open","ping_status":"closed","template":"","meta":{"neve_meta_sidebar":"","neve_meta_container":"","neve_meta_enable_content_width":"","neve_meta_content_width":0,"neve_meta_title_alignment":"","neve_meta_author_avatar":"","neve_post_elements_order":"","neve_meta_disable_header":"","neve_meta_disable_footer":"","neve_meta_disable_title":"","neve_meta_reading_time":""},"product_brand":[],"product_cat":[113],"product_tag":[],"class_list":{"0":"post-12256","1":"product","2":"type-product","3":"status-publish","4":"has-post-thumbnail","6":"product_cat-salute","8":"first","9":"instock","10":"sale","11":"shipping-taxable","12":"product-type-external"},"yoast_head":"<!-- This site is optimized with the Yoast SEO plugin v27.3 - https:\/\/yoast.com\/product\/yoast-seo-wordpress\/ -->\n<title>Revitaprost - Recensioni, Forum, Prezzo, Farmacia, Effetti | Deluzio<\/title>\n<meta name=\"robots\" content=\"index, follow, max-snippet:-1, max-image-preview:large, max-video-preview:-1\" \/>\n<link rel=\"canonical\" href=\"https:\/\/deluzio.it\/farmacia\/apt\/revitaprost\/\" \/>\n<meta property=\"og:locale\" content=\"it_IT\" \/>\n<meta property=\"og:type\" content=\"article\" \/>\n<meta property=\"og:title\" content=\"Revitaprost - Recensioni, Forum, Prezzo, Farmacia, Effetti | Deluzio\" \/>\n<meta property=\"og:url\" content=\"https:\/\/deluzio.it\/farmacia\/apt\/revitaprost\/\" \/>\n<meta property=\"og:site_name\" content=\"Deluzio\" \/>\n<meta property=\"article:modified_time\" content=\"2025-03-17T13:59:44+00:00\" \/>\n<meta property=\"og:image\" content=\"https:\/\/deluzio.it\/farmacia\/wp-content\/uploads\/2024\/11\/REVITAPROST.jpg\" \/>\n\t<meta property=\"og:image:width\" content=\"768\" \/>\n\t<meta property=\"og:image:height\" content=\"768\" \/>\n\t<meta property=\"og:image:type\" content=\"image\/jpeg\" \/>\n<meta name=\"twitter:card\" content=\"summary_large_image\" \/>\n<meta name=\"twitter:description\" content=\"[date_countdown]\" \/>\n<meta name=\"twitter:label1\" content=\"Tempo di lettura stimato\" \/>\n\t<meta name=\"twitter:data1\" content=\"7 minuti\" \/>\n<script type=\"application\/ld+json\" class=\"yoast-schema-graph\">{\"@context\":\"https:\\\/\\\/schema.org\",\"@graph\":[{\"@type\":\"WebPage\",\"@id\":\"https:\\\/\\\/deluzio.it\\\/farmacia\\\/apt\\\/revitaprost\\\/\",\"url\":\"https:\\\/\\\/deluzio.it\\\/farmacia\\\/apt\\\/revitaprost\\\/\",\"name\":\"Revitaprost - Recensioni, Forum, Prezzo, Farmacia, Effetti | Deluzio\",\"isPartOf\":{\"@id\":\"https:\\\/\\\/deluzio.it\\\/farmacia\\\/#website\"},\"primaryImageOfPage\":{\"@id\":\"https:\\\/\\\/deluzio.it\\\/farmacia\\\/apt\\\/revitaprost\\\/#primaryimage\"},\"image\":{\"@id\":\"https:\\\/\\\/deluzio.it\\\/farmacia\\\/apt\\\/revitaprost\\\/#primaryimage\"},\"thumbnailUrl\":\"https:\\\/\\\/deluzio.it\\\/farmacia\\\/wp-content\\\/uploads\\\/2024\\\/11\\\/REVITAPROST.jpg\",\"datePublished\":\"2024-11-06T00:27:21+00:00\",\"dateModified\":\"2025-03-17T13:59:44+00:00\",\"breadcrumb\":{\"@id\":\"https:\\\/\\\/deluzio.it\\\/farmacia\\\/apt\\\/revitaprost\\\/#breadcrumb\"},\"inLanguage\":\"it-IT\",\"potentialAction\":[{\"@type\":\"ReadAction\",\"target\":[\"https:\\\/\\\/deluzio.it\\\/farmacia\\\/apt\\\/revitaprost\\\/\"]}]},{\"@type\":\"ImageObject\",\"inLanguage\":\"it-IT\",\"@id\":\"https:\\\/\\\/deluzio.it\\\/farmacia\\\/apt\\\/revitaprost\\\/#primaryimage\",\"url\":\"https:\\\/\\\/deluzio.it\\\/farmacia\\\/wp-content\\\/uploads\\\/2024\\\/11\\\/REVITAPROST.jpg\",\"contentUrl\":\"https:\\\/\\\/deluzio.it\\\/farmacia\\\/wp-content\\\/uploads\\\/2024\\\/11\\\/REVITAPROST.jpg\",\"width\":768,\"height\":768},{\"@type\":\"BreadcrumbList\",\"@id\":\"https:\\\/\\\/deluzio.it\\\/farmacia\\\/apt\\\/revitaprost\\\/#breadcrumb\",\"itemListElement\":[{\"@type\":\"ListItem\",\"position\":1,\"name\":\"Strona g\u0142\u00f3wna\",\"item\":\"https:\\\/\\\/deluzio.it\\\/farmacia\\\/\"},{\"@type\":\"ListItem\",\"position\":2,\"name\":\"Prodotti\",\"item\":\"https:\\\/\\\/deluzio.it\\\/farmacia\\\/\"},{\"@type\":\"ListItem\",\"position\":3,\"name\":\"Revitaprost\"}]},{\"@type\":\"WebSite\",\"@id\":\"https:\\\/\\\/deluzio.it\\\/farmacia\\\/#website\",\"url\":\"https:\\\/\\\/deluzio.it\\\/farmacia\\\/\",\"name\":\"Deluzio\",\"description\":\"\",\"potentialAction\":[{\"@type\":\"SearchAction\",\"target\":{\"@type\":\"EntryPoint\",\"urlTemplate\":\"https:\\\/\\\/deluzio.it\\\/farmacia\\\/?s={search_term_string}\"},\"query-input\":{\"@type\":\"PropertyValueSpecification\",\"valueRequired\":true,\"valueName\":\"search_term_string\"}}],\"inLanguage\":\"it-IT\"}]}<\/script>\n<!-- \/ Yoast SEO plugin. -->","yoast_head_json":{"title":"Revitaprost - Recensioni, Forum, Prezzo, Farmacia, Effetti | Deluzio","robots":{"index":"index","follow":"follow","max-snippet":"max-snippet:-1","max-image-preview":"max-image-preview:large","max-video-preview":"max-video-preview:-1"},"canonical":"https:\/\/deluzio.it\/farmacia\/apt\/revitaprost\/","og_locale":"it_IT","og_type":"article","og_title":"Revitaprost - Recensioni, Forum, Prezzo, Farmacia, Effetti | Deluzio","og_url":"https:\/\/deluzio.it\/farmacia\/apt\/revitaprost\/","og_site_name":"Deluzio","article_modified_time":"2025-03-17T13:59:44+00:00","og_image":[{"width":768,"height":768,"url":"https:\/\/deluzio.it\/farmacia\/wp-content\/uploads\/2024\/11\/REVITAPROST.jpg","type":"image\/jpeg"}],"twitter_card":"summary_large_image","twitter_description":"[date_countdown]","twitter_misc":{"Tempo di lettura stimato":"7 minuti"},"schema":{"@context":"https:\/\/schema.org","@graph":[{"@type":"WebPage","@id":"https:\/\/deluzio.it\/farmacia\/apt\/revitaprost\/","url":"https:\/\/deluzio.it\/farmacia\/apt\/revitaprost\/","name":"Revitaprost - Recensioni, Forum, Prezzo, Farmacia, Effetti | Deluzio","isPartOf":{"@id":"https:\/\/deluzio.it\/farmacia\/#website"},"primaryImageOfPage":{"@id":"https:\/\/deluzio.it\/farmacia\/apt\/revitaprost\/#primaryimage"},"image":{"@id":"https:\/\/deluzio.it\/farmacia\/apt\/revitaprost\/#primaryimage"},"thumbnailUrl":"https:\/\/deluzio.it\/farmacia\/wp-content\/uploads\/2024\/11\/REVITAPROST.jpg","datePublished":"2024-11-06T00:27:21+00:00","dateModified":"2025-03-17T13:59:44+00:00","breadcrumb":{"@id":"https:\/\/deluzio.it\/farmacia\/apt\/revitaprost\/#breadcrumb"},"inLanguage":"it-IT","potentialAction":[{"@type":"ReadAction","target":["https:\/\/deluzio.it\/farmacia\/apt\/revitaprost\/"]}]},{"@type":"ImageObject","inLanguage":"it-IT","@id":"https:\/\/deluzio.it\/farmacia\/apt\/revitaprost\/#primaryimage","url":"https:\/\/deluzio.it\/farmacia\/wp-content\/uploads\/2024\/11\/REVITAPROST.jpg","contentUrl":"https:\/\/deluzio.it\/farmacia\/wp-content\/uploads\/2024\/11\/REVITAPROST.jpg","width":768,"height":768},{"@type":"BreadcrumbList","@id":"https:\/\/deluzio.it\/farmacia\/apt\/revitaprost\/#breadcrumb","itemListElement":[{"@type":"ListItem","position":1,"name":"Strona g\u0142\u00f3wna","item":"https:\/\/deluzio.it\/farmacia\/"},{"@type":"ListItem","position":2,"name":"Prodotti","item":"https:\/\/deluzio.it\/farmacia\/"},{"@type":"ListItem","position":3,"name":"Revitaprost"}]},{"@type":"WebSite","@id":"https:\/\/deluzio.it\/farmacia\/#website","url":"https:\/\/deluzio.it\/farmacia\/","name":"Deluzio","description":"","potentialAction":[{"@type":"SearchAction","target":{"@type":"EntryPoint","urlTemplate":"https:\/\/deluzio.it\/farmacia\/?s={search_term_string}"},"query-input":{"@type":"PropertyValueSpecification","valueRequired":true,"valueName":"search_term_string"}}],"inLanguage":"it-IT"}]}},"_links":{"self":[{"href":"https:\/\/deluzio.it\/farmacia\/wp-json\/wp\/v2\/product\/12256","targetHints":{"allow":["GET"]}}],"collection":[{"href":"https:\/\/deluzio.it\/farmacia\/wp-json\/wp\/v2\/product"}],"about":[{"href":"https:\/\/deluzio.it\/farmacia\/wp-json\/wp\/v2\/types\/product"}],"replies":[{"embeddable":true,"href":"https:\/\/deluzio.it\/farmacia\/wp-json\/wp\/v2\/comments?post=12256"}],"wp:featuredmedia":[{"embeddable":true,"href":"https:\/\/deluzio.it\/farmacia\/wp-json\/wp\/v2\/media\/12255"}],"wp:attachment":[{"href":"https:\/\/deluzio.it\/farmacia\/wp-json\/wp\/v2\/media?parent=12256"}],"wp:term":[{"taxonomy":"product_brand","embeddable":true,"href":"https:\/\/deluzio.it\/farmacia\/wp-json\/wp\/v2\/product_brand?post=12256"},{"taxonomy":"product_cat","embeddable":true,"href":"https:\/\/deluzio.it\/farmacia\/wp-json\/wp\/v2\/product_cat?post=12256"},{"taxonomy":"product_tag","embeddable":true,"href":"https:\/\/deluzio.it\/farmacia\/wp-json\/wp\/v2\/product_tag?post=12256"}],"curies":[{"name":"wp","href":"https:\/\/api.w.org\/{rel}","templated":true}]}}