{"id":12214,"date":"2024-11-06T01:27:00","date_gmt":"2024-11-06T00:27:00","guid":{"rendered":"https:\/\/www.psicologo-strizzacervelli.it\/farmacia\/apt\/alcozar\/"},"modified":"2025-03-17T15:36:35","modified_gmt":"2025-03-17T14:36:35","slug":"alcozar","status":"publish","type":"product","link":"https:\/\/deluzio.it\/farmacia\/apt\/alcozar\/","title":{"rendered":"Alcozar"},"content":{"rendered":"\n<h2 class=\"wp-block-heading\">Che cos&#8217;\u00e8 Alcozar e come funziona?<\/h2>\n\n\n\n<p>Alcozar \u00e8 un <b>integratore<\/b> innovativo in forma di gocce pensato per le persone che lottano contro la dipendenza da alcol. La sua <em>azione<\/em> si basa su una combinazione sinergica di ingredienti accuratamente selezionati, che favoriscono la disintossicazione dell&#8217;organismo e migliorano la funzionalit\u00e0 epatica. La composizione del preparato comprende, tra gli altri, l&#8217;estratto di citronella cinese e il lattobacillo, che favoriscono il processo di rigenerazione delle cellule epatiche.<\/p>\n\n\n\n<p>Vale la pena notare che Alcozar, oltre alle sue propriet\u00e0 disintossicanti, riduce il desiderio di alcol. Grazie a queste propriet\u00e0, le persone che utilizzano questo integratore possono gestire meglio le tentazioni, elemento fondamentale nel processo di recupero. Inoltre, la presenza di curcuma nella formulazione contribuisce all&#8217;eliminazione delle infiammazioni nell&#8217;organismo e alla pulizia delle tossine.<\/p>\n\n\n\n<p>Con un uso regolare, Alcozar favorisce il benessere generale e la forma fisica e mentale. Le persone che utilizzano questo integratore confermano di aver migliorato la capacit\u00e0 di controllare il desiderio di alcol, il che le sostiene nella ricerca di uno stile di vita sano.<\/p>\n\n\n\n<h2 class=\"wp-block-heading\">Effetti dell&#8217;Alcozar<\/h2>\n\n\n\n<p>Gli utilizzatori di Alcozar riferiscono una serie di effetti positivi derivanti dall&#8217;uso regolare di questo integratore. Uno degli effetti principali \u00e8 la <em>graduale riduzione del desiderio di alcol<\/em>, che rende pi\u00f9 facile per chi lotta contro la dipendenza controllare il proprio comportamento e limitare il consumo. I principi attivi di Alcozar, come il frutto di citronella cinese, la radice di liquirizia e l&#8217;estratto di dente di leone, contribuiscono a un&#8217;azione efficace di supporto al processo di disintossicazione dell&#8217;organismo.<\/p>\n\n\n\n<p>L <b>&#8216;uso<\/b> regolare <b>di<\/b> Alcozar aiuta ad <em>alleviare i sintomi di astinenza<\/em> che accompagnano chi si disintossica. Gli utenti notano a loro volta <em>un miglioramento del<\/em> loro <em>benessere generale<\/em>, con un impatto positivo sulla loro <b>salute<\/b> fisica e mentale. L <b>&#8216;integratore<\/b> favorisce la rigenerazione degli organi interni, un aspetto particolarmente importante nella lotta alla dipendenza.<\/p>\n\n\n\n<p>Vale la pena notare che Alcozar raramente provoca <b>effetti collaterali<\/b> gravi, ma la comparsa di sintomi lievi, come stanchezza o indigestione, \u00e8 possibile in alcune persone. Le persone con sintomi di astinenza come tremori alle mani, nausea, mal di testa, ansia e insonnia possono provare un significativo sollievo con questo <b>integratore<\/b>.<\/p>\n\n\n\n<p><b>Gli effetti di<\/b> Alcozar mostrano il suo potenziale nella lotta contro la <em>dipendenza<\/em>, portando la speranza di un futuro migliore per coloro che cercano di rompere il ciclo della dipendenza. Gli ingredienti ben selezionati lavorano in sinergia, con conseguenti benefici per la salute degli utenti che cercano di riprendere il controllo e migliorare la qualit\u00e0 della loro vita.<\/p>\n\n\n\n<h2 class=\"wp-block-heading\">Come utilizzare Alcozar &#8211; Istruzioni per l&#8217;uso e la posologia<\/h2>\n\n\n\n<p>Per sostenere efficacemente l&#8217;organismo nella lotta contro l&#8217;alcolismo, l <b>&#8216;uso di<\/b> Alcozar deve avvenire secondo le istruzioni. Il prodotto \u00e8 disponibile in gocce e la <b>dose<\/b> consigliata \u00e8 di 10 gocce sciolte in 100 ml di acqua o altra bevanda analcolica.<\/p>\n\n\n\n<p>Alcozar deve essere assunto due volte al giorno, preferibilmente 20 minuti prima dei pasti. L&#8217;uso regolare per un periodo di 2 mesi favorisce risultati ottimali. Gi\u00e0 dopo 10-15 giorni di utilizzo si possono osservare cambiamenti positivi nell&#8217;umore e nella riduzione del desiderio di bere alcolici.<\/p>\n\n\n\n<p>I possibili <b>effetti collaterali<\/b>, come le reazioni allergiche, sono rari e la maggior parte dei pazienti tollera bene Alcozar. \u00c8 importante che il preparato sia conservato in un luogo asciutto, lontano dalla luce solare diretta.<\/p>\n\n\n\n<figure class=\"wp-block-table\"><table class=\"has-fixed-layout\"><tbody><tr><th>Dosaggio<\/th><th>Metodo di ricezione<\/th><th>Durata dell&#8217;utilizzo<\/th><\/tr><tr><td>10 gocce<\/td><td>Sciogliere in 100 ml di acqua o bevanda<\/td><td>2 mesi<\/td><\/tr><tr><td>2 volte al giorno<\/td><td>20 minuti prima dei pasti<\/td><td><b>Effetti<\/b> positivi dopo 10-15 giorni<\/td><\/tr><\/tbody><\/table><\/figure>\n\n\n\n<p>Applicando questi principi, Alcozar pu\u00f2 essere utilizzato in modo efficace e pu\u00f2 contribuire in modo significativo al miglioramento della salute e del benessere.<\/p>\n\n\n\n<h2 class=\"wp-block-heading\">Alcozar &#8211; Opinioni e recensioni, forum<\/h2>\n\n\n\n<p><b>Le recensioni<\/b> di Alcozar tra gli utenti sono molto incoraggianti. Il prodotto ha ricevuto una valutazione di 4,95 stelle su 5, che indica la soddisfazione dei clienti. Nei forum, molte persone condividono le loro recensioni positive, sottolineando l&#8217;efficacia del prodotto nel ridurre il desiderio di alcol e migliorare il benessere.<\/p>\n\n\n\n<p>Kasia, un&#8217;utente di 29 anni, sottolinea:<\/p>\n\n\n\n<blockquote class=\"wp-block-quote is-layout-flow wp-block-quote-is-layout-flow\">\n<p>&#8220;Uso Alcozar da un mese e mi sento decisamente meglio. La <b>composizione<\/b> naturale e l&#8217;assenza di effetti collaterali sono per me un enorme vantaggio&#8221;.<\/p>\n<\/blockquote>\n\n\n\n<p>Thomas, 45 anni, sottolinea il suo aiuto nei momenti difficili:<\/p>\n\n\n\n<blockquote class=\"wp-block-quote is-layout-flow wp-block-quote-is-layout-flow\">\n<p>&#8220;Grazie ad Alcozar, ho un maggiore controllo sulla mia vita quando sento il bisogno di ricorrere all&#8217;alcol&#8221;.<\/p>\n<\/blockquote>\n\n\n\n<p>Marta, 34 anni, aggiunge di aver notato una significativa riduzione della sete:<\/p>\n\n\n\n<blockquote class=\"wp-block-quote is-layout-flow wp-block-quote-is-layout-flow\">\n<p>&#8220;Mi sento pi\u00f9 equilibrato e tranquillo, il mio umore \u00e8 migliorato&#8221;.<\/p>\n<\/blockquote>\n\n\n\n<p>Sul <b>forum<\/b>, gli utenti sottolineano che Alcozar \u00e8 disponibile senza prescrizione medica, il che lo rende facile da acquistare. Vale la pena notare che il 95% delle recensioni del preparato sono positive, il che lo colloca tra i migliori integratori che supportano la disintossicazione dell&#8217;organismo. Sebbene Alcozar non sia attualmente disponibile nelle farmacie polacche, la sua popolarit\u00e0 sta crescendo e l&#8217;interesse per questo preparato non fa che aumentare.<\/p>\n\n\n\n<h2 class=\"wp-block-heading\">Alcozar &#8211; Composizione &#8211; Analisi degli ingredienti<\/h2>\n\n\n\n<p>Alcozar \u00e8 un integratore che si distingue per la sua composizione unica a base di ingredienti naturali che supportano efficacemente la disintossicazione dell&#8217;organismo. Nell&#8217;<em>analisi degli<\/em> ingredienti di Alcozar \u00e8 possibile distinguere diversi elementi chiave che ne influenzano l&#8217;<b>azione<\/b>.<\/p>\n\n\n\n<ul class=\"wp-block-list\">\n<li><strong>Estratto di frutti di citronella cinese<\/strong> &#8211; questo ingrediente ha propriet\u00e0 calmanti, che aiutano a ridurre lo stress e a migliorare il benessere generale.<\/li>\n\n\n\n<li><strong>Radice di liquirizia<\/strong> &#8211; favorisce la funzionalit\u00e0 epatica e ha un effetto antinfiammatorio che la rende preziosa per la disintossicazione.<\/li>\n\n\n\n<li><strong>Estratto di tarassaco<\/strong> &#8211; noto per le sue propriet\u00e0 di supporto immunitario e di disintossicazione, estremamente importanti per le persone <b>attente alla salute<\/b>.<\/li>\n<\/ul>\n\n\n\n<p><b>Gli ingredienti naturali<\/b> <b>contenuti in<\/b> Alcozar rendono l&#8217;integratore una scelta sicura per chi desidera migliorare la propria <b>salute<\/b>. L <b>&#8216;analisi di<\/b> questi componenti dimostra la loro importanza nell&#8217;integrazione quotidiana e nell&#8217;aiutare l&#8217;organismo a combattere le tossine.<\/p>\n\n\n\n<h2 class=\"wp-block-heading\">Dove acquistare Alcozar &#8211; prezzo<\/h2>\n\n\n\n<p>Per essere sicuri di acquistare un Alcozar originale, ordinate direttamente dal sito ufficiale del produttore. Solo in questo modo \u00e8 possibile beneficiare della piena garanzia di qualit\u00e0 e delle promozioni disponibili, che possono ridurre il prezzo fino alla met\u00e0. Gli sconti regolari rendono il prodotto disponibile a un maggior numero di persone che apprezzano l&#8217;efficacia e l&#8217;alta qualit\u00e0.<\/p>\n\n\n\n<p>Vale la pena ricordare che non troverete Alcozar in nessuna cartoleria o farmacia. Inoltre, non \u00e8 venduto sulle pi\u00f9 diffuse piattaforme di e-commerce, il che elimina il rischio di acquistare prodotti falsi. Il produttore ha scelto consapevolmente un modello di vendita online per assicurare il pieno controllo della distribuzione e la garanzia dell&#8217;originalit\u00e0 del prodotto.<\/p>\n\n\n\n<p>Vale la pena notare che i tempi di spedizione degli ordini sono di 1-3 giorni. I clienti hanno la possibilit\u00e0 di accedere al pagamento alla consegna, il che pu\u00f2 essere conveniente per molte persone. Gli utilizzatori di Alcozar riferiscono miglioramenti significativi nelle loro funzioni quotidiane, il che dimostra l&#8217;efficacia di questo prodotto.<\/p>\n\n\n\n<h2 class=\"wp-block-heading\">Alcozar &#8211; Effetti collaterali e controindicazioni &#8211; Sicurezza d&#8217;uso<\/h2>\n\n\n\n<p>Alcozar \u00e8 un <b>integratore alimentare<\/b> sviluppato da un team di oltre 20 scienziati per favorire la disintossicazione dell&#8217;organismo, in particolare nelle persone che lottano contro la dipendenza da alcol. Il prodotto \u00e8 considerato sicuro per la maggior parte degli utenti, ma \u00e8 bene prestare attenzione ai possibili <b>effetti collaterali<\/b>. Finora non sono stati segnalati effetti avversi gravi, anche se si consiglia cautela se si \u00e8 allergici a uno qualsiasi degli ingredienti.<\/p>\n\n\n\n<p>Esistono anche delle <b>controindicazioni<\/b> all&#8217;uso di Alcozar, che comprendono le donne in gravidanza, le madri che allattano, i minori di 18 anni e i soggetti affetti da malattie gastrointestinali o epatiche. \u00c8 buona norma leggere il foglietto illustrativo contenuto nella confezione prima dell&#8217;uso per evitare reazioni allergiche e altri effetti avversi. L&#8217;uso sistematico di Alcozar \u00e8 fondamentale per ottenere i risultati previsti, il che sottolinea l&#8217;importanza di assumerlo regolarmente.<\/p>\n\n\n\n<p>Alcozar deve essere conservato fuori dalla portata dei bambini e a temperatura ambiente. Grazie alla sua <b>composizione<\/b> naturale, che comprende latte di biancospino e curcuma, il prodotto offre un&#8217;alternativa alle terapie farmacologiche tradizionali. In definitiva, nel decidere se utilizzare Alcozar, \u00e8 importante soppesare i benefici di disintossicazione che offre rispetto alle proprie esigenze e al proprio stato di salute.<\/p>\n","protected":false},"excerpt":{"rendered":"<p><strong>[date_countdown]<\/strong><\/p>\n<p><img decoding=\"async\" class=\"alignnone wp-image-12574\" src=\"https:\/\/deluzio.it\/farmacia\/wp-content\/uploads\/2024\/11\/SAFE-PAY-300x88-1.png\" alt=\"SAFE-PAY-300x88\" width=\"201\" height=\"59\" \/><\/p>\n","protected":false},"featured_media":12213,"comment_status":"open","ping_status":"closed","template":"","meta":{"neve_meta_sidebar":"","neve_meta_container":"","neve_meta_enable_content_width":"","neve_meta_content_width":0,"neve_meta_title_alignment":"","neve_meta_author_avatar":"","neve_post_elements_order":"","neve_meta_disable_header":"","neve_meta_disable_footer":"","neve_meta_disable_title":"","neve_meta_reading_time":""},"product_brand":[],"product_cat":[113],"product_tag":[],"class_list":{"0":"post-12214","1":"product","2":"type-product","3":"status-publish","4":"has-post-thumbnail","6":"product_cat-salute","8":"first","9":"instock","10":"sale","11":"shipping-taxable","12":"product-type-external"},"yoast_head":"<!-- This site is optimized with the Yoast SEO plugin v27.3 - https:\/\/yoast.com\/product\/yoast-seo-wordpress\/ -->\n<title>Alcozar - Recensioni, Forum, Prezzo, Farmacia, Effetti | Deluzio<\/title>\n<meta name=\"robots\" content=\"index, follow, max-snippet:-1, max-image-preview:large, max-video-preview:-1\" \/>\n<link rel=\"canonical\" href=\"https:\/\/deluzio.it\/farmacia\/apt\/alcozar\/\" \/>\n<meta property=\"og:locale\" content=\"it_IT\" \/>\n<meta property=\"og:type\" content=\"article\" \/>\n<meta property=\"og:title\" content=\"Alcozar - Recensioni, Forum, Prezzo, Farmacia, Effetti | Deluzio\" \/>\n<meta property=\"og:url\" content=\"https:\/\/deluzio.it\/farmacia\/apt\/alcozar\/\" \/>\n<meta property=\"og:site_name\" content=\"Deluzio\" \/>\n<meta property=\"article:modified_time\" content=\"2025-03-17T14:36:35+00:00\" \/>\n<meta property=\"og:image\" content=\"https:\/\/deluzio.it\/farmacia\/wp-content\/uploads\/2024\/11\/Alcozar.jpg\" \/>\n\t<meta property=\"og:image:width\" content=\"768\" \/>\n\t<meta property=\"og:image:height\" content=\"768\" \/>\n\t<meta property=\"og:image:type\" content=\"image\/jpeg\" \/>\n<meta name=\"twitter:card\" content=\"summary_large_image\" \/>\n<meta name=\"twitter:description\" content=\"[date_countdown]\" \/>\n<meta name=\"twitter:label1\" content=\"Tempo di lettura stimato\" \/>\n\t<meta name=\"twitter:data1\" content=\"1 minuto\" \/>\n<script type=\"application\/ld+json\" class=\"yoast-schema-graph\">{\"@context\":\"https:\\\/\\\/schema.org\",\"@graph\":[{\"@type\":\"WebPage\",\"@id\":\"https:\\\/\\\/deluzio.it\\\/farmacia\\\/apt\\\/alcozar\\\/\",\"url\":\"https:\\\/\\\/deluzio.it\\\/farmacia\\\/apt\\\/alcozar\\\/\",\"name\":\"Alcozar - Recensioni, Forum, Prezzo, Farmacia, Effetti | Deluzio\",\"isPartOf\":{\"@id\":\"https:\\\/\\\/deluzio.it\\\/farmacia\\\/#website\"},\"primaryImageOfPage\":{\"@id\":\"https:\\\/\\\/deluzio.it\\\/farmacia\\\/apt\\\/alcozar\\\/#primaryimage\"},\"image\":{\"@id\":\"https:\\\/\\\/deluzio.it\\\/farmacia\\\/apt\\\/alcozar\\\/#primaryimage\"},\"thumbnailUrl\":\"https:\\\/\\\/deluzio.it\\\/farmacia\\\/wp-content\\\/uploads\\\/2024\\\/11\\\/Alcozar.jpg\",\"datePublished\":\"2024-11-06T00:27:00+00:00\",\"dateModified\":\"2025-03-17T14:36:35+00:00\",\"breadcrumb\":{\"@id\":\"https:\\\/\\\/deluzio.it\\\/farmacia\\\/apt\\\/alcozar\\\/#breadcrumb\"},\"inLanguage\":\"it-IT\",\"potentialAction\":[{\"@type\":\"ReadAction\",\"target\":[\"https:\\\/\\\/deluzio.it\\\/farmacia\\\/apt\\\/alcozar\\\/\"]}]},{\"@type\":\"ImageObject\",\"inLanguage\":\"it-IT\",\"@id\":\"https:\\\/\\\/deluzio.it\\\/farmacia\\\/apt\\\/alcozar\\\/#primaryimage\",\"url\":\"https:\\\/\\\/deluzio.it\\\/farmacia\\\/wp-content\\\/uploads\\\/2024\\\/11\\\/Alcozar.jpg\",\"contentUrl\":\"https:\\\/\\\/deluzio.it\\\/farmacia\\\/wp-content\\\/uploads\\\/2024\\\/11\\\/Alcozar.jpg\",\"width\":768,\"height\":768},{\"@type\":\"BreadcrumbList\",\"@id\":\"https:\\\/\\\/deluzio.it\\\/farmacia\\\/apt\\\/alcozar\\\/#breadcrumb\",\"itemListElement\":[{\"@type\":\"ListItem\",\"position\":1,\"name\":\"Strona g\u0142\u00f3wna\",\"item\":\"https:\\\/\\\/deluzio.it\\\/farmacia\\\/\"},{\"@type\":\"ListItem\",\"position\":2,\"name\":\"Prodotti\",\"item\":\"https:\\\/\\\/deluzio.it\\\/farmacia\\\/\"},{\"@type\":\"ListItem\",\"position\":3,\"name\":\"Alcozar\"}]},{\"@type\":\"WebSite\",\"@id\":\"https:\\\/\\\/deluzio.it\\\/farmacia\\\/#website\",\"url\":\"https:\\\/\\\/deluzio.it\\\/farmacia\\\/\",\"name\":\"Deluzio\",\"description\":\"\",\"potentialAction\":[{\"@type\":\"SearchAction\",\"target\":{\"@type\":\"EntryPoint\",\"urlTemplate\":\"https:\\\/\\\/deluzio.it\\\/farmacia\\\/?s={search_term_string}\"},\"query-input\":{\"@type\":\"PropertyValueSpecification\",\"valueRequired\":true,\"valueName\":\"search_term_string\"}}],\"inLanguage\":\"it-IT\"}]}<\/script>\n<!-- \/ Yoast SEO plugin. -->","yoast_head_json":{"title":"Alcozar - Recensioni, Forum, Prezzo, Farmacia, Effetti | Deluzio","robots":{"index":"index","follow":"follow","max-snippet":"max-snippet:-1","max-image-preview":"max-image-preview:large","max-video-preview":"max-video-preview:-1"},"canonical":"https:\/\/deluzio.it\/farmacia\/apt\/alcozar\/","og_locale":"it_IT","og_type":"article","og_title":"Alcozar - Recensioni, Forum, Prezzo, Farmacia, Effetti | Deluzio","og_url":"https:\/\/deluzio.it\/farmacia\/apt\/alcozar\/","og_site_name":"Deluzio","article_modified_time":"2025-03-17T14:36:35+00:00","og_image":[{"width":768,"height":768,"url":"https:\/\/deluzio.it\/farmacia\/wp-content\/uploads\/2024\/11\/Alcozar.jpg","type":"image\/jpeg"}],"twitter_card":"summary_large_image","twitter_description":"[date_countdown]","twitter_misc":{"Tempo di lettura stimato":"1 minuto"},"schema":{"@context":"https:\/\/schema.org","@graph":[{"@type":"WebPage","@id":"https:\/\/deluzio.it\/farmacia\/apt\/alcozar\/","url":"https:\/\/deluzio.it\/farmacia\/apt\/alcozar\/","name":"Alcozar - Recensioni, Forum, Prezzo, Farmacia, Effetti | Deluzio","isPartOf":{"@id":"https:\/\/deluzio.it\/farmacia\/#website"},"primaryImageOfPage":{"@id":"https:\/\/deluzio.it\/farmacia\/apt\/alcozar\/#primaryimage"},"image":{"@id":"https:\/\/deluzio.it\/farmacia\/apt\/alcozar\/#primaryimage"},"thumbnailUrl":"https:\/\/deluzio.it\/farmacia\/wp-content\/uploads\/2024\/11\/Alcozar.jpg","datePublished":"2024-11-06T00:27:00+00:00","dateModified":"2025-03-17T14:36:35+00:00","breadcrumb":{"@id":"https:\/\/deluzio.it\/farmacia\/apt\/alcozar\/#breadcrumb"},"inLanguage":"it-IT","potentialAction":[{"@type":"ReadAction","target":["https:\/\/deluzio.it\/farmacia\/apt\/alcozar\/"]}]},{"@type":"ImageObject","inLanguage":"it-IT","@id":"https:\/\/deluzio.it\/farmacia\/apt\/alcozar\/#primaryimage","url":"https:\/\/deluzio.it\/farmacia\/wp-content\/uploads\/2024\/11\/Alcozar.jpg","contentUrl":"https:\/\/deluzio.it\/farmacia\/wp-content\/uploads\/2024\/11\/Alcozar.jpg","width":768,"height":768},{"@type":"BreadcrumbList","@id":"https:\/\/deluzio.it\/farmacia\/apt\/alcozar\/#breadcrumb","itemListElement":[{"@type":"ListItem","position":1,"name":"Strona g\u0142\u00f3wna","item":"https:\/\/deluzio.it\/farmacia\/"},{"@type":"ListItem","position":2,"name":"Prodotti","item":"https:\/\/deluzio.it\/farmacia\/"},{"@type":"ListItem","position":3,"name":"Alcozar"}]},{"@type":"WebSite","@id":"https:\/\/deluzio.it\/farmacia\/#website","url":"https:\/\/deluzio.it\/farmacia\/","name":"Deluzio","description":"","potentialAction":[{"@type":"SearchAction","target":{"@type":"EntryPoint","urlTemplate":"https:\/\/deluzio.it\/farmacia\/?s={search_term_string}"},"query-input":{"@type":"PropertyValueSpecification","valueRequired":true,"valueName":"search_term_string"}}],"inLanguage":"it-IT"}]}},"_links":{"self":[{"href":"https:\/\/deluzio.it\/farmacia\/wp-json\/wp\/v2\/product\/12214","targetHints":{"allow":["GET"]}}],"collection":[{"href":"https:\/\/deluzio.it\/farmacia\/wp-json\/wp\/v2\/product"}],"about":[{"href":"https:\/\/deluzio.it\/farmacia\/wp-json\/wp\/v2\/types\/product"}],"replies":[{"embeddable":true,"href":"https:\/\/deluzio.it\/farmacia\/wp-json\/wp\/v2\/comments?post=12214"}],"wp:featuredmedia":[{"embeddable":true,"href":"https:\/\/deluzio.it\/farmacia\/wp-json\/wp\/v2\/media\/12213"}],"wp:attachment":[{"href":"https:\/\/deluzio.it\/farmacia\/wp-json\/wp\/v2\/media?parent=12214"}],"wp:term":[{"taxonomy":"product_brand","embeddable":true,"href":"https:\/\/deluzio.it\/farmacia\/wp-json\/wp\/v2\/product_brand?post=12214"},{"taxonomy":"product_cat","embeddable":true,"href":"https:\/\/deluzio.it\/farmacia\/wp-json\/wp\/v2\/product_cat?post=12214"},{"taxonomy":"product_tag","embeddable":true,"href":"https:\/\/deluzio.it\/farmacia\/wp-json\/wp\/v2\/product_tag?post=12214"}],"curies":[{"name":"wp","href":"https:\/\/api.w.org\/{rel}","templated":true}]}}