{"id":11948,"date":"2024-11-06T01:24:41","date_gmt":"2024-11-06T00:24:41","guid":{"rendered":"https:\/\/www.psicologo-strizzacervelli.it\/farmacia\/apt\/relixen-oil\/"},"modified":"2025-03-21T14:34:19","modified_gmt":"2025-03-21T13:34:19","slug":"relixen-oil","status":"publish","type":"product","link":"https:\/\/deluzio.it\/farmacia\/apt\/relixen-oil\/","title":{"rendered":"Relixen Oil"},"content":{"rendered":"\n<h2 class=\"wp-block-heading\">Che cos&#8217;\u00e8 l&#8217;olio Relixen e come funziona?<\/h2>\n\n\n\n<p><b>Relixen Oil<\/b> \u00e8 un olio <em>per articolazioni<\/em> che trae beneficio dalla natura. Contiene <em>ingredienti<\/em> preziosi come l&#8217;olio di eucalipto e il mentolo, noti per le loro propriet\u00e0 analgesiche e antinfiammatorie. L <b>&#8216;azione di Relixen Oil<\/b> si basa sulla sua profonda penetrazione nella pelle, che gli permette di portare rapidamente sollievo dal dolore e dal disagio.<\/p>\n\n\n\n<p>Il meccanismo d&#8217;<em>azione<\/em> principale <em>dell&#8217;olio Relixen<\/em> \u00e8 la stimolazione della circolazione sanguigna nel sito di applicazione. Di conseguenza, i processi rigenerativi avvengono molto pi\u00f9 rapidamente, contribuendo alla riduzione del dolore e al miglioramento del benessere generale. L&#8217;efficacia del prodotto \u00e8 dovuta all&#8217;interazione sinergica dei vari <em>ingredienti<\/em>, che lo rendono un rimedio versatile per i disturbi articolari e muscolari.<\/p>\n\n\n\n<p>L&#8217;olio Relixen non fornisce solo sollievo, ma anche nutrimento e rigenerazione dei tessuti. L&#8217;uso regolare migliora la flessibilit\u00e0 delle articolazioni, che pu\u00f2 influire sul comfort delle attivit\u00e0 quotidiane. Ecco perch\u00e9 molte persone si rivolgono all&#8217;<em>olio per le articolazioni<\/em> per migliorare la qualit\u00e0 della vita e ridurre il dolore.<\/p>\n\n\n\n<h2 class=\"wp-block-heading\">Olio Relixen &#8211; effetti<\/h2>\n\n\n\n<p>L&#8217;olio di Relixen sta crescendo in popolarit\u00e0 grazie ai suoi effetti applicativi, notati dagli utilizzatori. L&#8217;<em>azione<\/em> corretta <em>dell&#8217;olio di Relixen<\/em> si traduce in un significativo sollievo dal dolore, soprattutto in caso di dolori muscolari e articolari. Gli <b>ingredienti<\/b> chiave dell&#8217;olio favoriscono un&#8217;azione rapida, che porta a una riduzione dell&#8217;infiammazione e a un miglioramento della mobilit\u00e0 articolare.<\/p>\n\n\n\n<p>Gli utilizzatori sottolineano che gli <b>effetti dell&#8217;<\/b> olio si avvertono gi\u00e0 dopo poche applicazioni. L&#8217;uso regolare del prodotto ne aumenta l&#8217;efficacia, come confermano le raccomandazioni e le <b>recensioni<\/b> positive. Ecco alcuni dei principali effetti che si possono notare:<\/p>\n\n\n\n<ul class=\"wp-block-list\">\n<li>Significativo <em>sollievo dai dolori<\/em> muscolari e articolari<\/li>\n\n\n\n<li>Riduzione rapida dell&#8217;infiammazione<\/li>\n\n\n\n<li>Migliorare la mobilit\u00e0 articolare e la forma fisica generale<\/li>\n\n\n\n<li>Riduzione al minimo del gonfiore<\/li>\n<\/ul>\n\n\n\n<p>Gli esperti raccomandano di utilizzare regolarmente l&#8217;olio di Relixen per ottenere i risultati terapeutici pi\u00f9 soddisfacenti. Gli utenti apprezzano non solo i suoi <b>effetti<\/b>, ma anche la sua composizione naturale, che contribuisce alla sua sicurezza e alla mancanza di effetti collaterali.<\/p>\n\n\n\n<h2 class=\"wp-block-heading\">Come utilizzare correttamente l&#8217;olio Relixen &#8211; Dosaggio<\/h2>\n\n\n\n<p>L<b>&#8216;uso dell&#8217;<\/b> olio di Relixen deve essere applicato per via topica sulle articolazioni e sui muscoli dolorosi, il che ne aumenta l&#8217;efficacia. Il <b>dosaggio<\/b> consigliato <b>dell&#8217;olio di Relixen<\/b> \u00e8 di un&#8217;applicazione fino a due volte al giorno, ma questa frequenza pu\u00f2 essere adattata alle esigenze individuali. In caso di dolori pi\u00f9 forti, si consiglia di applicare una quantit\u00e0 maggiore di olio per ottenere risultati migliori nell&#8217;alleviare il disagio.<\/p>\n\n\n\n<p>\u00c8 utile sapere <b>come utilizzare<\/b> l&#8217;olio Relixen. Sfregare delicatamente l&#8217;olio sulla pelle \u00e8 un passo fondamentale, in quanto consente un migliore assorbimento dei principi attivi. L&#8217;uso regolare pu\u00f2 dare un notevole sollievo dal dolore e accelerare <b>il<\/b> processo di recupero muscolare.<\/p>\n\n\n\n<p>Per facilitare il dosaggio, di seguito \u00e8 riportata una tabella con le raccomandazioni:<\/p>\n\n\n\n<figure class=\"wp-block-table\"><table class=\"has-fixed-layout\"><tbody><tr><th>Tipo di dolore<\/th><th>Dosaggio dell&#8217;olio di Relixen<\/th><th>Frequenza di applicazione<\/th><\/tr><tr><td>Dolore lieve<\/td><td>1-2 pompe<\/td><td>1-2 volte al giorno<\/td><\/tr><tr><td>Dolore moderato<\/td><td>2-3 flessioni<\/td><td>2-3 volte al giorno<\/td><\/tr><tr><td>Dolore intenso<\/td><td>Altro, come richiesto<\/td><td>Se necessario<\/td><\/tr><\/tbody><\/table><\/figure>\n\n\n\n<p>\u00c8 sempre bene consultare il proprio medico prima di iniziare a usare un olio, per assicurarsi che sia adatto alla propria condizione.<\/p>\n\n\n\n<h2 class=\"wp-block-heading\">Olio Relixen &#8211; Opinioni e recensioni, forum<\/h2>\n\n\n\n<p><b>Le recensioni dell&#8217;olio Relixen<\/b> sono positive, come dimostrano le numerose <em>esperienze degli utenti<\/em> pubblicate su varie piattaforme. I forum online sono pieni di recensioni in cui gli utenti condividono le loro osservazioni sul funzionamento del prodotto. Molti sottolineano che il sollievo dal dolore si ottiene rapidamente.<\/p>\n\n\n\n<p>Ad esempio, un utente ha scritto che dopo l&#8217;uso di Relixen Oil ha notato un miglioramento significativo e il dolore che prima la infastidiva \u00e8 quasi completamente scomparso. Altri hanno sottolineato i suoi effetti benefici sull&#8217;umore e la riduzione dei dolori articolari.<\/p>\n\n\n\n<p>Di seguito \u00e8 riportata una tabella esemplificativa che illustra le <b>opinioni<\/b> pi\u00f9 comuni <b>sul Relixen Oil<\/b>:<\/p>\n\n\n\n<figure class=\"wp-block-table\"><table class=\"has-fixed-layout\"><tbody><tr><th>Utente<\/th><th>Opinione<\/th><th>Valutazione<\/th><\/tr><tr><td>Agnieszka<\/td><td>L&#8217;olio Relixen mi ha dato sollievo dal mal di schiena che mi tormentava da tempo.<\/td><td>5\/5<\/td><\/tr><tr><td>Tomasz<\/td><td>Dopo pochi giorni di utilizzo, i dolori articolari si sono ridotti in modo significativo.<\/td><td>4\/5<\/td><\/tr><tr><td>Kasia<\/td><td>Sono soddisfatto, rilassa e funziona efficacemente.<\/td><td>5\/5<\/td><\/tr><tr><td>Marcin<\/td><td>Non ho notato grandi differenze, ma forse \u00e8 un problema individuale.<\/td><td>3\/5<\/td><\/tr><\/tbody><\/table><\/figure>\n\n\n\n<p>Vale la pena ricordare che le valutazioni e le <em>recensioni<\/em> sui forum possono variare a seconda delle aspettative e delle esperienze individuali. Per questo motivo, leggere attentamente le opinioni degli altri utenti pu\u00f2 influenzare in modo significativo la decisione di acquistare questo prodotto.<\/p>\n\n\n\n<h2 class=\"wp-block-heading\">Composizione dell&#8217;olio Relixen &#8211; Analisi degli ingredienti<\/h2>\n\n\n\n<p>L&#8217;olio Relixen si distingue per la sua <em>composizione<\/em> accuratamente selezionata, che contribuisce in modo significativo al suo effetto terapeutico. L&#8217;insieme degli ingredienti naturali comprende l&#8217;olio di eucalipto, che ha un effetto disinfettante, e il mentolo, che apporta un&#8217;immediata sensazione di raffreddamento. Questi elementi favoriscono il sollievo dal dolore e contribuiscono a migliorare il benessere generale.<\/p>\n\n\n\n<p>L<b>&#8216;analisi degli ingredienti<\/b> dell&#8217;olio rivela anche la presenza di estratti vegetali dalle propriet\u00e0 antinfiammatorie. Grazie all&#8217;azione sinergica di questi ingredienti, gli utilizzatori riferiscono spesso un miglioramento della qualit\u00e0 di vita e una riduzione dei disturbi.<\/p>\n\n\n\n<figure class=\"wp-block-table\"><table class=\"has-fixed-layout\"><tbody><tr><th>Componente<\/th><th>Azione<\/th><\/tr><tr><td>Olio di eucalipto<\/td><td>Azione disinfettante e antinfiammatoria<\/td><\/tr><tr><td>Mentolo<\/td><td>Raffreddamento e riduzione della sensazione di dolore<\/td><\/tr><tr><td>Olio di argan<\/td><td>Idratazione e nutrimento della pelle<\/td><\/tr><tr><td>Olio di citronella<\/td><td>Effetto rilassante e antisettico<\/td><\/tr><\/tbody><\/table><\/figure>\n\n\n\n<p>Gli <b>ingredienti naturali<\/b> come l&#8217;olio di argan e l&#8217;olio di citronella sono generalmente ben tollerati dalla pelle. Gli utilizzatori devono essere consapevoli che possono verificarsi reazioni allergiche se sono allergici a uno qualsiasi degli ingredienti. Sebbene gli effetti collaterali siano rari, la loro possibilit\u00e0 non pu\u00f2 essere completamente esclusa.<\/p>\n\n\n\n<h2 class=\"wp-block-heading\">Dove acquistare e qual \u00e8 il prezzo di Relixen Oil?<\/h2>\n\n\n\n<p>L&#8217;olio Relixen \u00e8 disponibile esclusivamente sul <em>sito ufficiale del produttore<\/em>, che garantisce l&#8217;originalit\u00e0 del prodotto e l&#8217;accesso alle promozioni in corso. L&#8217;acquisto via web consente anche una comoda consegna a domicilio, una comodit\u00e0 importante per molti clienti.<\/p>\n\n\n\n<p><b>Il prezzo di<\/b> Relixen Oil pu\u00f2 variare a seconda delle offerte in corso, quindi vale la pena di controllare regolarmente il sito web del produttore per trovare le migliori occasioni. Se si acquista direttamente dal <em>produttore ufficiale<\/em>, ci si pu\u00f2 aspettare sconti che a volte raggiungono il 50%.<\/p>\n\n\n\n<p>La presenza di promozioni interessanti fa s\u00ec che valga la pena di considerare <em>dove acquistare Relixen Oil<\/em>. Le promozioni spesso includono sconti per l&#8217;acquisto di confezioni multiple, il che pu\u00f2 renderle pi\u00f9 interessanti. Queste opportunit\u00e0 rendono l&#8217;acquisto pi\u00f9 economico e permettono ai clienti di godere di un buon rapporto qualit\u00e0-prezzo.<\/p>\n\n\n\n<h2 class=\"wp-block-heading\">Relixen Oil &#8211; Effetti collaterali e controindicazioni<\/h2>\n\n\n\n<p>L&#8217;olio di Relixen \u00e8 generalmente considerato un prodotto sicuro, tuttavia, come per qualsiasi preparato, possono verificarsi <strong>effetti collaterali dell&#8217;olio di Relixen<\/strong>. Le reazioni pi\u00f9 comunemente segnalate sono lievi irritazioni cutanee o reazioni allergiche, soprattutto nelle persone con ipersensibilit\u00e0 agli <b>ingredienti<\/b> dell&#8217;olio. Pertanto, \u00e8 molto importante effettuare un test su una piccola area della pelle prima della prima applicazione per ridurre al minimo il rischio di reazioni avverse.<\/p>\n\n\n\n<p>Vale la pena di notare anche <strong>le controindicazioni<\/strong> all&#8217;uso di Relixen Oil. Le persone con ipersensibilit\u00e0 a uno qualsiasi degli ingredienti del preparato dovrebbero evitarne l&#8217;uso. Inoltre, l&#8217;<b>uso dell&#8217;olio<\/b> da parte di bambini e donne in gravidanza richiede la consultazione di un medico per garantire <strong>la sicurezza dell&#8217;uso<\/strong> e per evitare potenziali rischi per la salute.<\/p>\n\n\n\n<p>Pertanto, gli utenti devono essere consapevoli dei possibili effetti collaterali e seguire le indicazioni per l&#8217;uso dell&#8217;olio di Relixen per godere dei suoi benefici per la salute senza rischi inutili. In caso di dubbio, \u00e8 sempre consigliabile consultare un medico.<\/p>\n","protected":false},"excerpt":{"rendered":"<p><strong>[date_countdown]<\/strong><\/p>\n<p><img decoding=\"async\" class=\"alignnone wp-image-12574\" src=\"https:\/\/deluzio.it\/farmacia\/wp-content\/uploads\/2024\/11\/SAFE-PAY-300x88-1.png\" alt=\"SAFE-PAY-300x88\" width=\"201\" height=\"59\" \/><\/p>\n","protected":false},"featured_media":11947,"comment_status":"open","ping_status":"closed","template":"","meta":{"neve_meta_sidebar":"","neve_meta_container":"","neve_meta_enable_content_width":"","neve_meta_content_width":0,"neve_meta_title_alignment":"","neve_meta_author_avatar":"","neve_post_elements_order":"","neve_meta_disable_header":"","neve_meta_disable_footer":"","neve_meta_disable_title":"","neve_meta_reading_time":""},"product_brand":[],"product_cat":[113],"product_tag":[],"class_list":{"0":"post-11948","1":"product","2":"type-product","3":"status-publish","4":"has-post-thumbnail","6":"product_cat-salute","8":"first","9":"instock","10":"sale","11":"shipping-taxable","12":"product-type-external"},"yoast_head":"<!-- This site is optimized with the Yoast SEO plugin v27.3 - https:\/\/yoast.com\/product\/yoast-seo-wordpress\/ -->\n<title>Relixen Oil - Recensioni, Forum, Prezzo, Farmacia, Effetti | Deluzio<\/title>\n<meta name=\"robots\" content=\"index, follow, max-snippet:-1, max-image-preview:large, max-video-preview:-1\" \/>\n<link rel=\"canonical\" href=\"https:\/\/deluzio.it\/farmacia\/apt\/relixen-oil\/\" \/>\n<meta property=\"og:locale\" content=\"it_IT\" \/>\n<meta property=\"og:type\" content=\"article\" \/>\n<meta property=\"og:title\" content=\"Relixen Oil - Recensioni, Forum, Prezzo, Farmacia, Effetti | Deluzio\" \/>\n<meta property=\"og:url\" content=\"https:\/\/deluzio.it\/farmacia\/apt\/relixen-oil\/\" \/>\n<meta property=\"og:site_name\" content=\"Deluzio\" \/>\n<meta property=\"article:modified_time\" content=\"2025-03-21T13:34:19+00:00\" \/>\n<meta property=\"og:image\" content=\"https:\/\/deluzio.it\/farmacia\/wp-content\/uploads\/2024\/11\/Relixen-Oil.jpg\" \/>\n\t<meta property=\"og:image:width\" content=\"768\" \/>\n\t<meta property=\"og:image:height\" content=\"768\" \/>\n\t<meta property=\"og:image:type\" content=\"image\/jpeg\" \/>\n<meta name=\"twitter:card\" content=\"summary_large_image\" \/>\n<meta name=\"twitter:description\" content=\"[date_countdown]\" \/>\n<meta name=\"twitter:label1\" content=\"Tempo di lettura stimato\" \/>\n\t<meta name=\"twitter:data1\" content=\"1 minuto\" \/>\n<script type=\"application\/ld+json\" class=\"yoast-schema-graph\">{\"@context\":\"https:\\\/\\\/schema.org\",\"@graph\":[{\"@type\":\"WebPage\",\"@id\":\"https:\\\/\\\/deluzio.it\\\/farmacia\\\/apt\\\/relixen-oil\\\/\",\"url\":\"https:\\\/\\\/deluzio.it\\\/farmacia\\\/apt\\\/relixen-oil\\\/\",\"name\":\"Relixen Oil - Recensioni, Forum, Prezzo, Farmacia, Effetti | Deluzio\",\"isPartOf\":{\"@id\":\"https:\\\/\\\/deluzio.it\\\/farmacia\\\/#website\"},\"primaryImageOfPage\":{\"@id\":\"https:\\\/\\\/deluzio.it\\\/farmacia\\\/apt\\\/relixen-oil\\\/#primaryimage\"},\"image\":{\"@id\":\"https:\\\/\\\/deluzio.it\\\/farmacia\\\/apt\\\/relixen-oil\\\/#primaryimage\"},\"thumbnailUrl\":\"https:\\\/\\\/deluzio.it\\\/farmacia\\\/wp-content\\\/uploads\\\/2024\\\/11\\\/Relixen-Oil.jpg\",\"datePublished\":\"2024-11-06T00:24:41+00:00\",\"dateModified\":\"2025-03-21T13:34:19+00:00\",\"breadcrumb\":{\"@id\":\"https:\\\/\\\/deluzio.it\\\/farmacia\\\/apt\\\/relixen-oil\\\/#breadcrumb\"},\"inLanguage\":\"it-IT\",\"potentialAction\":[{\"@type\":\"ReadAction\",\"target\":[\"https:\\\/\\\/deluzio.it\\\/farmacia\\\/apt\\\/relixen-oil\\\/\"]}]},{\"@type\":\"ImageObject\",\"inLanguage\":\"it-IT\",\"@id\":\"https:\\\/\\\/deluzio.it\\\/farmacia\\\/apt\\\/relixen-oil\\\/#primaryimage\",\"url\":\"https:\\\/\\\/deluzio.it\\\/farmacia\\\/wp-content\\\/uploads\\\/2024\\\/11\\\/Relixen-Oil.jpg\",\"contentUrl\":\"https:\\\/\\\/deluzio.it\\\/farmacia\\\/wp-content\\\/uploads\\\/2024\\\/11\\\/Relixen-Oil.jpg\",\"width\":768,\"height\":768},{\"@type\":\"BreadcrumbList\",\"@id\":\"https:\\\/\\\/deluzio.it\\\/farmacia\\\/apt\\\/relixen-oil\\\/#breadcrumb\",\"itemListElement\":[{\"@type\":\"ListItem\",\"position\":1,\"name\":\"Strona g\u0142\u00f3wna\",\"item\":\"https:\\\/\\\/deluzio.it\\\/farmacia\\\/\"},{\"@type\":\"ListItem\",\"position\":2,\"name\":\"Prodotti\",\"item\":\"https:\\\/\\\/deluzio.it\\\/farmacia\\\/\"},{\"@type\":\"ListItem\",\"position\":3,\"name\":\"Relixen Oil\"}]},{\"@type\":\"WebSite\",\"@id\":\"https:\\\/\\\/deluzio.it\\\/farmacia\\\/#website\",\"url\":\"https:\\\/\\\/deluzio.it\\\/farmacia\\\/\",\"name\":\"Deluzio\",\"description\":\"\",\"potentialAction\":[{\"@type\":\"SearchAction\",\"target\":{\"@type\":\"EntryPoint\",\"urlTemplate\":\"https:\\\/\\\/deluzio.it\\\/farmacia\\\/?s={search_term_string}\"},\"query-input\":{\"@type\":\"PropertyValueSpecification\",\"valueRequired\":true,\"valueName\":\"search_term_string\"}}],\"inLanguage\":\"it-IT\"}]}<\/script>\n<!-- \/ Yoast SEO plugin. -->","yoast_head_json":{"title":"Relixen Oil - Recensioni, Forum, Prezzo, Farmacia, Effetti | Deluzio","robots":{"index":"index","follow":"follow","max-snippet":"max-snippet:-1","max-image-preview":"max-image-preview:large","max-video-preview":"max-video-preview:-1"},"canonical":"https:\/\/deluzio.it\/farmacia\/apt\/relixen-oil\/","og_locale":"it_IT","og_type":"article","og_title":"Relixen Oil - Recensioni, Forum, Prezzo, Farmacia, Effetti | Deluzio","og_url":"https:\/\/deluzio.it\/farmacia\/apt\/relixen-oil\/","og_site_name":"Deluzio","article_modified_time":"2025-03-21T13:34:19+00:00","og_image":[{"width":768,"height":768,"url":"https:\/\/deluzio.it\/farmacia\/wp-content\/uploads\/2024\/11\/Relixen-Oil.jpg","type":"image\/jpeg"}],"twitter_card":"summary_large_image","twitter_description":"[date_countdown]","twitter_misc":{"Tempo di lettura stimato":"1 minuto"},"schema":{"@context":"https:\/\/schema.org","@graph":[{"@type":"WebPage","@id":"https:\/\/deluzio.it\/farmacia\/apt\/relixen-oil\/","url":"https:\/\/deluzio.it\/farmacia\/apt\/relixen-oil\/","name":"Relixen Oil - Recensioni, Forum, Prezzo, Farmacia, Effetti | Deluzio","isPartOf":{"@id":"https:\/\/deluzio.it\/farmacia\/#website"},"primaryImageOfPage":{"@id":"https:\/\/deluzio.it\/farmacia\/apt\/relixen-oil\/#primaryimage"},"image":{"@id":"https:\/\/deluzio.it\/farmacia\/apt\/relixen-oil\/#primaryimage"},"thumbnailUrl":"https:\/\/deluzio.it\/farmacia\/wp-content\/uploads\/2024\/11\/Relixen-Oil.jpg","datePublished":"2024-11-06T00:24:41+00:00","dateModified":"2025-03-21T13:34:19+00:00","breadcrumb":{"@id":"https:\/\/deluzio.it\/farmacia\/apt\/relixen-oil\/#breadcrumb"},"inLanguage":"it-IT","potentialAction":[{"@type":"ReadAction","target":["https:\/\/deluzio.it\/farmacia\/apt\/relixen-oil\/"]}]},{"@type":"ImageObject","inLanguage":"it-IT","@id":"https:\/\/deluzio.it\/farmacia\/apt\/relixen-oil\/#primaryimage","url":"https:\/\/deluzio.it\/farmacia\/wp-content\/uploads\/2024\/11\/Relixen-Oil.jpg","contentUrl":"https:\/\/deluzio.it\/farmacia\/wp-content\/uploads\/2024\/11\/Relixen-Oil.jpg","width":768,"height":768},{"@type":"BreadcrumbList","@id":"https:\/\/deluzio.it\/farmacia\/apt\/relixen-oil\/#breadcrumb","itemListElement":[{"@type":"ListItem","position":1,"name":"Strona g\u0142\u00f3wna","item":"https:\/\/deluzio.it\/farmacia\/"},{"@type":"ListItem","position":2,"name":"Prodotti","item":"https:\/\/deluzio.it\/farmacia\/"},{"@type":"ListItem","position":3,"name":"Relixen Oil"}]},{"@type":"WebSite","@id":"https:\/\/deluzio.it\/farmacia\/#website","url":"https:\/\/deluzio.it\/farmacia\/","name":"Deluzio","description":"","potentialAction":[{"@type":"SearchAction","target":{"@type":"EntryPoint","urlTemplate":"https:\/\/deluzio.it\/farmacia\/?s={search_term_string}"},"query-input":{"@type":"PropertyValueSpecification","valueRequired":true,"valueName":"search_term_string"}}],"inLanguage":"it-IT"}]}},"_links":{"self":[{"href":"https:\/\/deluzio.it\/farmacia\/wp-json\/wp\/v2\/product\/11948","targetHints":{"allow":["GET"]}}],"collection":[{"href":"https:\/\/deluzio.it\/farmacia\/wp-json\/wp\/v2\/product"}],"about":[{"href":"https:\/\/deluzio.it\/farmacia\/wp-json\/wp\/v2\/types\/product"}],"replies":[{"embeddable":true,"href":"https:\/\/deluzio.it\/farmacia\/wp-json\/wp\/v2\/comments?post=11948"}],"wp:featuredmedia":[{"embeddable":true,"href":"https:\/\/deluzio.it\/farmacia\/wp-json\/wp\/v2\/media\/11947"}],"wp:attachment":[{"href":"https:\/\/deluzio.it\/farmacia\/wp-json\/wp\/v2\/media?parent=11948"}],"wp:term":[{"taxonomy":"product_brand","embeddable":true,"href":"https:\/\/deluzio.it\/farmacia\/wp-json\/wp\/v2\/product_brand?post=11948"},{"taxonomy":"product_cat","embeddable":true,"href":"https:\/\/deluzio.it\/farmacia\/wp-json\/wp\/v2\/product_cat?post=11948"},{"taxonomy":"product_tag","embeddable":true,"href":"https:\/\/deluzio.it\/farmacia\/wp-json\/wp\/v2\/product_tag?post=11948"}],"curies":[{"name":"wp","href":"https:\/\/api.w.org\/{rel}","templated":true}]}}